{"id":3156,"date":"2020-07-22T13:45:27","date_gmt":"2020-07-22T11:45:27","guid":{"rendered":"https:\/\/topgal.pl\/?page_id=3156"},"modified":"2020-07-22T14:12:08","modified_gmt":"2020-07-22T12:12:08","slug":"about-us","status":"publish","type":"page","link":"https:\/\/topgal.pl\/en\/about-us\/","title":{"rendered":"About us"},"content":{"rendered":"<p>[vc_row full_width=&#8221;stretch_row_content_no_spaces&#8221; equal_height=&#8221;yes&#8221; content_placement=&#8221;middle&#8221; css=&#8221;.vc_custom_1595419289116{margin-top: -80px !important;margin-bottom: -70px !important;}&#8221;][vc_column parallax=&#8221;content-moving&#8221; parallax_image=&#8221;3132&#8243; offset=&#8221;vc_col-lg-6 vc_col-md-6 vc_hidden-sm vc_col-xs-12 vc_hidden-xs&#8221; css=&#8221;.vc_custom_1594816739555{background-position: center !important;background-repeat: no-repeat !important;background-size: cover !important;}&#8221;][\/vc_column][vc_column css=&#8221;.vc_custom_1593183436622{padding-top: 60px !important;padding-right: 9% !important;padding-bottom: 10px !important;padding-left: 9% !important;}&#8221; offset=&#8221;vc_col-lg-6 vc_col-md-6 vc_col-xs-12&#8243;][vc_custom_heading text=&#8221;WHO ARE WE?&#8221; font_container=&#8221;tag:h3|text_align:left&#8221; google_fonts=&#8221;font_family:Roboto%3A100%2C100italic%2C300%2C300italic%2Cregular%2Citalic%2C500%2C500italic%2C700%2C700italic%2C900%2C900italic|font_style:700%20bold%20regular%3A700%3Anormal&#8221;][vc_column_text]<\/p>\n<div style=\"text-align: justify;\">Firma TOP GAL zajmuje si\u0119 produkcj\u0105 pask\u00f3w z gum i ta\u015bm oraz akcesori\u00f3w dzieci\u0119cych od 1989 roku. Nasze produkty cechuj\u0105 si\u0119 wysok\u0105 jako\u015bci\u0105 wykonania. Do produkcji u\u017cywamy najwy\u017cszej jako\u015bci materia\u0142\u00f3w staramy si\u0119 pod\u0105\u017ca\u0107 za najnowszymi trendami na rynku mody. W naszej ofercie znajduje si\u0119 ok 100 modeli szelek i pask\u00f3w, ponadto ca\u0142y czas poszerzamy ofert\u0119 akcesori\u00f3w dzieci\u0119cych. Mo\u017cemy si\u0119 pochwali\u0107 wsp\u00f3\u0142prac\u0105 z kontrahentami z ca\u0142ej europy. Zapraszamy do zapoznania si\u0119 z ofert\u0105.<\/div>\n<p>[\/vc_column_text][vc_empty_space height=&#8221;20px&#8221;][vc_custom_heading text=&#8221;OUR BRANDS&#8221; font_container=&#8221;tag:h3|text_align:left&#8221; google_fonts=&#8221;font_family:Roboto%3A100%2C100italic%2C300%2C300italic%2Cregular%2Citalic%2C500%2C500italic%2C700%2C700italic%2C900%2C900italic|font_style:500%20bold%20regular%3A500%3Anormal&#8221;]<style type=\"text\/css\" data-type=\"the7_shortcodes-inline-css\">.gallery-shortcode.gallery-masonry-shortcode-id-44cbc3b77a0f1415d6b311450e8ba2c6 figure,\n.gallery-shortcode.gallery-masonry-shortcode-id-44cbc3b77a0f1415d6b311450e8ba2c6 .rollover,\n.gallery-shortcode.gallery-masonry-shortcode-id-44cbc3b77a0f1415d6b311450e8ba2c6 img,\n.gallery-shortcode.gallery-masonry-shortcode-id-44cbc3b77a0f1415d6b311450e8ba2c6 .gallery-rollover {\n  border-radius: 0px;\n}\n.gallery-shortcode.gallery-masonry-shortcode-id-44cbc3b77a0f1415d6b311450e8ba2c6.enable-bg-rollover .gallery-rollover {\n  background: -webkit-linear-gradient();\n  background: linear-gradient();\n}\n.gallery-shortcode.gallery-masonry-shortcode-id-44cbc3b77a0f1415d6b311450e8ba2c6.enable-bg-rollover.hover-scale figure .rollover:after {\n  background: -webkit-linear-gradient();\n  background: linear-gradient();\n}\n.gallery-shortcode.gallery-masonry-shortcode-id-44cbc3b77a0f1415d6b311450e8ba2c6 .gallery-zoom-ico {\n  width: 44px;\n  height: 44px;\n  line-height: 44px;\n  border-radius: 100px;\n  margin: -22px 0 0 -22px;\n  border-width: 0px;\n  color: #ffffff;\n}\n.dt-icon-bg-on.gallery-shortcode.gallery-masonry-shortcode-id-44cbc3b77a0f1415d6b311450e8ba2c6 .gallery-zoom-ico {\n  background: rgba(255,255,255,0.3);\n  box-shadow: none;\n}\n.gallery-shortcode.gallery-masonry-shortcode-id-44cbc3b77a0f1415d6b311450e8ba2c6 .gallery-zoom-ico:before,\n.gallery-shortcode.gallery-masonry-shortcode-id-44cbc3b77a0f1415d6b311450e8ba2c6 .gallery-zoom-ico span {\n  font-size: 32px;\n  line-height: 44px;\n  color: #ffffff;\n}\n.gallery-shortcode.gallery-masonry-shortcode-id-44cbc3b77a0f1415d6b311450e8ba2c6:not(.resize-by-browser-width) .dt-css-grid {\n  grid-row-gap: 50px;\n  grid-column-gap: 50px;\n  grid-template-columns: repeat(auto-fill,minmax(,1fr));\n}\n.gallery-shortcode.gallery-masonry-shortcode-id-44cbc3b77a0f1415d6b311450e8ba2c6:not(.resize-by-browser-width) .dt-css-grid .double-width {\n  grid-column: span 2;\n}\n.cssgridlegacy.no-cssgrid .gallery-shortcode.gallery-masonry-shortcode-id-44cbc3b77a0f1415d6b311450e8ba2c6:not(.resize-by-browser-width) .dt-css-grid,\n.no-cssgridlegacy.no-cssgrid .gallery-shortcode.gallery-masonry-shortcode-id-44cbc3b77a0f1415d6b311450e8ba2c6:not(.resize-by-browser-width) .dt-css-grid {\n  display: flex;\n  flex-flow: row wrap;\n  margin: -25px;\n}\n.cssgridlegacy.no-cssgrid .gallery-shortcode.gallery-masonry-shortcode-id-44cbc3b77a0f1415d6b311450e8ba2c6:not(.resize-by-browser-width) .dt-css-grid .wf-cell,\n.no-cssgridlegacy.no-cssgrid .gallery-shortcode.gallery-masonry-shortcode-id-44cbc3b77a0f1415d6b311450e8ba2c6:not(.resize-by-browser-width) .dt-css-grid .wf-cell {\n  flex: 1 0 ;\n  max-width: 100%;\n  padding: 25px;\n  box-sizing: border-box;\n}\n.gallery-shortcode.gallery-masonry-shortcode-id-44cbc3b77a0f1415d6b311450e8ba2c6.resize-by-browser-width .dt-css-grid {\n  grid-template-columns: repeat(4,1fr);\n  grid-template-rows: auto;\n  grid-column-gap: 50px;\n  grid-row-gap: 50px;\n}\n.gallery-shortcode.gallery-masonry-shortcode-id-44cbc3b77a0f1415d6b311450e8ba2c6.resize-by-browser-width .dt-css-grid .double-width {\n  grid-column: span 2;\n}\n.cssgridlegacy.no-cssgrid .gallery-shortcode.gallery-masonry-shortcode-id-44cbc3b77a0f1415d6b311450e8ba2c6.resize-by-browser-width .dt-css-grid {\n  margin: -25px;\n}\n.cssgridlegacy.no-cssgrid .gallery-shortcode.gallery-masonry-shortcode-id-44cbc3b77a0f1415d6b311450e8ba2c6.resize-by-browser-width .dt-css-grid .wf-cell {\n  width: 25%;\n  padding: 25px;\n}\n.cssgridlegacy.no-cssgrid .gallery-shortcode.gallery-masonry-shortcode-id-44cbc3b77a0f1415d6b311450e8ba2c6.resize-by-browser-width .dt-css-grid .wf-cell.double-width {\n  width: calc(25%) * 2;\n}\n.gallery-shortcode.gallery-masonry-shortcode-id-44cbc3b77a0f1415d6b311450e8ba2c6.resize-by-browser-width:not(.centered-layout-list):not(.content-bg-on) .dt-css-grid {\n  grid-row-gap: 50px - ;\n}\n@media screen and (max-width: 1199px) {\n  .gallery-shortcode.gallery-masonry-shortcode-id-44cbc3b77a0f1415d6b311450e8ba2c6.resize-by-browser-width .dt-css-grid {\n    grid-template-columns: repeat(4,1fr);\n  }\n  .cssgridlegacy.no-cssgrid .gallery-shortcode.gallery-masonry-shortcode-id-44cbc3b77a0f1415d6b311450e8ba2c6.resize-by-browser-width .dt-css-grid .wf-cell,\n  .no-cssgridlegacy.no-cssgrid .gallery-shortcode.gallery-masonry-shortcode-id-44cbc3b77a0f1415d6b311450e8ba2c6.resize-by-browser-width .dt-css-grid .wf-cell {\n    width: 25%;\n  }\n  .cssgridlegacy.no-cssgrid .gallery-shortcode.gallery-masonry-shortcode-id-44cbc3b77a0f1415d6b311450e8ba2c6.resize-by-browser-width .dt-css-grid .wf-cell.double-width,\n  .no-cssgridlegacy.no-cssgrid .gallery-shortcode.gallery-masonry-shortcode-id-44cbc3b77a0f1415d6b311450e8ba2c6.resize-by-browser-width .dt-css-grid .wf-cell.double-width {\n    width: calc(25%)*2;\n  }\n}\n@media screen and (max-width: 991px) {\n  .gallery-shortcode.gallery-masonry-shortcode-id-44cbc3b77a0f1415d6b311450e8ba2c6.resize-by-browser-width .dt-css-grid {\n    grid-template-columns: repeat(2,1fr);\n  }\n  .cssgridlegacy.no-cssgrid .gallery-shortcode.gallery-masonry-shortcode-id-44cbc3b77a0f1415d6b311450e8ba2c6.resize-by-browser-width .dt-css-grid .wf-cell,\n  .no-cssgridlegacy.no-cssgrid .gallery-shortcode.gallery-masonry-shortcode-id-44cbc3b77a0f1415d6b311450e8ba2c6.resize-by-browser-width .dt-css-grid .wf-cell {\n    width: 50%;\n  }\n  .cssgridlegacy.no-cssgrid .gallery-shortcode.gallery-masonry-shortcode-id-44cbc3b77a0f1415d6b311450e8ba2c6.resize-by-browser-width .dt-css-grid .wf-cell.double-width,\n  .no-cssgridlegacy.no-cssgrid .gallery-shortcode.gallery-masonry-shortcode-id-44cbc3b77a0f1415d6b311450e8ba2c6.resize-by-browser-width .dt-css-grid .wf-cell.double-width {\n    width: calc(50%)*2;\n  }\n}\n@media screen and (max-width: 767px) {\n  .gallery-shortcode.gallery-masonry-shortcode-id-44cbc3b77a0f1415d6b311450e8ba2c6.resize-by-browser-width .dt-css-grid {\n    grid-template-columns: repeat(1,1fr);\n  }\n  .cssgridlegacy.no-cssgrid .gallery-shortcode.gallery-masonry-shortcode-id-44cbc3b77a0f1415d6b311450e8ba2c6.resize-by-browser-width .dt-css-grid .wf-cell,\n  .no-cssgridlegacy.no-cssgrid .gallery-shortcode.gallery-masonry-shortcode-id-44cbc3b77a0f1415d6b311450e8ba2c6.resize-by-browser-width .dt-css-grid .wf-cell {\n    width: 100%;\n  }\n  .cssgridlegacy.no-cssgrid .gallery-shortcode.gallery-masonry-shortcode-id-44cbc3b77a0f1415d6b311450e8ba2c6.resize-by-browser-width .dt-css-grid .wf-cell.double-width,\n  .no-cssgridlegacy.no-cssgrid .gallery-shortcode.gallery-masonry-shortcode-id-44cbc3b77a0f1415d6b311450e8ba2c6.resize-by-browser-width .dt-css-grid .wf-cell.double-width {\n    width: calc(100%)*2;\n  }\n}\n<\/style><div class=\"gallery-shortcode dt-gallery-container gallery-masonry-shortcode-id-44cbc3b77a0f1415d6b311450e8ba2c6 mode-masonry jquery-filter dt-icon-bg-off quick-scale-img enable-bg-rollover resize-by-browser-width  hover-fade loading-effect-fade-in description-on-hover\" data-padding=\"25px\" data-cur-page=\"1\" data-post-limit=\"-1\" data-pagination-mode=\"none\" data-desktop-columns-num=\"4\" data-v-tablet-columns-num=\"2\" data-h-tablet-columns-num=\"4\" data-phone-columns-num=\"1\" data-width=\"0px\" data-columns=\"0\"><div class=\"iso-container\" ><div class=\"wf-cell iso-item\" data-post-id=\"3294\" data-date=\"2020-06-24T17:28:53+02:00\" data-name=\"top-gal-accessories\"><figure class=\"post visible\"><a href=\"https:\/\/topgal.pl\/wp-content\/uploads\/2020\/06\/top-gal-accessories.png\" class=\"rollover dt-pswp-item layzr-bg\" data-large_image_width=\"291\" data-large_image_height=\"153\" data-dt-img-description=\"\" title=\"top-gal-accessories\"><img class=\"preload-me iso-lazy-load\" src=\"data:image\/svg+xml,%3Csvg%20xmlns%3D&#39;http%3A%2F%2Fwww.w3.org%2F2000%2Fsvg&#39;%20viewBox%3D&#39;0%200%20291%20153&#39;%2F%3E\" data-src=\"https:\/\/topgal.pl\/wp-content\/uploads\/2020\/06\/top-gal-accessories.png\" data-srcset=\"https:\/\/topgal.pl\/wp-content\/uploads\/2020\/06\/top-gal-accessories.png 291w\" alt=\"\" width=\"291\" height=\"153\"  \/><span class=\"gallery-rollover\"><span class=\"gallery-zoom-ico icomoon-the7-font-the7-zoom-06\"><span><\/span><\/span><\/span><\/a><\/figure><\/div><div class=\"wf-cell iso-item\" data-post-id=\"3295\" data-date=\"2020-06-24T17:29:16+02:00\" data-name=\"paolo-udini\"><figure class=\"post visible\"><a href=\"https:\/\/topgal.pl\/wp-content\/uploads\/2020\/06\/paolo-udini.png\" class=\"rollover dt-pswp-item layzr-bg\" data-large_image_width=\"291\" data-large_image_height=\"153\" data-dt-img-description=\"\" title=\"paolo-udini\"><img class=\"preload-me iso-lazy-load\" src=\"data:image\/svg+xml,%3Csvg%20xmlns%3D&#39;http%3A%2F%2Fwww.w3.org%2F2000%2Fsvg&#39;%20viewBox%3D&#39;0%200%20291%20153&#39;%2F%3E\" data-src=\"https:\/\/topgal.pl\/wp-content\/uploads\/2020\/06\/paolo-udini.png\" data-srcset=\"https:\/\/topgal.pl\/wp-content\/uploads\/2020\/06\/paolo-udini.png 291w\" alt=\"\" width=\"291\" height=\"153\"  \/><span class=\"gallery-rollover\"><span class=\"gallery-zoom-ico icomoon-the7-font-the7-zoom-06\"><span><\/span><\/span><\/span><\/a><\/figure><\/div><div class=\"wf-cell iso-item\" data-post-id=\"3341\" data-date=\"2020-06-30T12:52:05+02:00\" data-name=\"pauloudiniKids\"><figure class=\"post visible\"><a href=\"https:\/\/topgal.pl\/wp-content\/uploads\/2020\/06\/pauloudiniKids.png\" class=\"rollover dt-pswp-item layzr-bg\" data-large_image_width=\"250\" data-large_image_height=\"84\" data-dt-img-description=\"\" title=\"pauloudiniKids\"><img class=\"preload-me iso-lazy-load\" src=\"data:image\/svg+xml,%3Csvg%20xmlns%3D&#39;http%3A%2F%2Fwww.w3.org%2F2000%2Fsvg&#39;%20viewBox%3D&#39;0%200%20250%2084&#39;%2F%3E\" data-src=\"https:\/\/topgal.pl\/wp-content\/uploads\/2020\/06\/pauloudiniKids.png\" data-srcset=\"https:\/\/topgal.pl\/wp-content\/uploads\/2020\/06\/pauloudiniKids.png 250w\" alt=\"\" width=\"250\" height=\"84\"  \/><span class=\"gallery-rollover\"><span class=\"gallery-zoom-ico icomoon-the7-font-the7-zoom-06\"><span><\/span><\/span><\/span><\/a><\/figure><\/div><div class=\"wf-cell iso-item\" data-post-id=\"3338\" data-date=\"2020-06-30T12:14:26+02:00\" data-name=\"Bambino best for babies\"><figure class=\"post visible\"><a href=\"https:\/\/topgal.pl\/wp-content\/uploads\/2020\/06\/Bambino-best-for-babies.png\" class=\"rollover dt-pswp-item layzr-bg\" data-large_image_width=\"451\" data-large_image_height=\"155\" data-dt-img-description=\"\" title=\"Bambino best for babies\"><img class=\"preload-me iso-lazy-load\" src=\"data:image\/svg+xml,%3Csvg%20xmlns%3D&#39;http%3A%2F%2Fwww.w3.org%2F2000%2Fsvg&#39;%20viewBox%3D&#39;0%200%20451%20155&#39;%2F%3E\" data-src=\"https:\/\/topgal.pl\/wp-content\/uploads\/2020\/06\/Bambino-best-for-babies.png\" data-srcset=\"https:\/\/topgal.pl\/wp-content\/uploads\/2020\/06\/Bambino-best-for-babies.png 451w\" alt=\"\" width=\"451\" height=\"155\"  \/><span class=\"gallery-rollover\"><span class=\"gallery-zoom-ico icomoon-the7-font-the7-zoom-06\"><span><\/span><\/span><\/span><\/a><\/figure><\/div><\/div><!-- iso-container|iso-grid --><\/div>[vc_empty_space height=&#8221;40px&#8221;][vc_custom_heading text=&#8221;OUR PARTNERS&#8221; font_container=&#8221;tag:h3|text_align:left&#8221; google_fonts=&#8221;font_family:Roboto%3A100%2C100italic%2C300%2C300italic%2Cregular%2Citalic%2C500%2C500italic%2C700%2C700italic%2C900%2C900italic|font_style:500%20bold%20regular%3A500%3Anormal&#8221;]<div id=\"ult-carousel-138055083569f3e824debd5\" class=\"ult-carousel-wrapper   ult_horizontal\" data-gutter=\"15\" data-rtl=\"false\" ><div class=\"ult-carousel-233203514369f3e824dea3b \" >[vc_single_image image=&#8221;2790&#8243; img_size=&#8221;medium&#8221;][vc_single_image image=&#8221;2791&#8243; img_size=&#8221;medium&#8221;][vc_single_image image=&#8221;2792&#8243; img_size=&#8221;medium&#8221;][vc_single_image image=&#8221;2793&#8243; img_size=&#8221;medium&#8221;][vc_single_image image=&#8221;2794&#8243; img_size=&#8221;medium&#8221;][vc_single_image image=&#8221;2795&#8243; img_size=&#8221;medium&#8221;][vc_single_image image=&#8221;2796&#8243; img_size=&#8221;medium&#8221;][vc_single_image image=&#8221;2797&#8243; img_size=&#8221;medium&#8221;][vc_single_image image=&#8221;2798&#8243; img_size=&#8221;medium&#8221;][vc_single_image image=&#8221;2799&#8243; img_size=&#8221;medium&#8221;][vc_single_image image=&#8221;2800&#8243; img_size=&#8221;medium&#8221;][vc_single_image image=&#8221;2801&#8243; img_size=&#8221;medium&#8221;][vc_single_image image=&#8221;3027&#8243; img_size=&#8221;medium&#8221;][vc_single_image image=&#8221;3028&#8243; img_size=&#8221;medium&#8221;][vc_single_image image=&#8221;3030&#8243; img_size=&#8221;medium&#8221;][vc_single_image image=&#8221;3032&#8243; img_size=&#8221;medium&#8221;][vc_single_image image=&#8221;3031&#8243; img_size=&#8221;medium&#8221;][vc_single_image image=&#8221;3033&#8243; img_size=&#8221;medium&#8221;][vc_single_image image=&#8221;3034&#8243; img_size=&#8221;medium&#8221;][vc_single_image image=&#8221;3035&#8243; img_size=&#8221;medium&#8221;][vc_single_image image=&#8221;3036&#8243; img_size=&#8221;medium&#8221;][vc_single_image image=&#8221;3051&#8243; img_size=&#8221;medium&#8221;][vc_single_image image=&#8221;3041&#8243; img_size=&#8221;medium&#8221;][vc_single_image image=&#8221;3040&#8243; img_size=&#8221;medium&#8221;][vc_single_image image=&#8221;3039&#8243; img_size=&#8221;medium&#8221;][vc_single_image image=&#8221;3038&#8243; img_size=&#8221;medium&#8221;][vc_single_image image=&#8221;3037&#8243; img_size=&#8221;medium&#8221;][vc_single_image image=&#8221;3042&#8243; img_size=&#8221;medium&#8221;][vc_single_image image=&#8221;3043&#8243; img_size=&#8221;medium&#8221;][vc_single_image image=&#8221;3052&#8243; img_size=&#8221;medium&#8221;][vc_single_image image=&#8221;3050&#8243; img_size=&#8221;medium&#8221;][vc_single_image image=&#8221;3049&#8243; img_size=&#8221;medium&#8221;][vc_single_image image=&#8221;3048&#8243; img_size=&#8221;medium&#8221;][vc_single_image image=&#8221;3047&#8243; img_size=&#8221;medium&#8221;][vc_single_image image=&#8221;3046&#8243; img_size=&#8221;medium&#8221;][vc_single_image image=&#8221;3045&#8243; img_size=&#8221;medium&#8221;][vc_single_image image=&#8221;3044&#8243; img_size=&#8221;medium&#8221;][vc_single_image image=&#8221;3059&#8243; img_size=&#8221;medium&#8221;][vc_single_image image=&#8221;3057&#8243; img_size=&#8221;medium&#8221;][vc_single_image image=&#8221;3053&#8243; img_size=&#8221;medium&#8221;][vc_single_image image=&#8221;3058&#8243; img_size=&#8221;medium&#8221;]<\/div><\/div>\t\t\t<script type=\"text\/javascript\">\n\t\t\t\tjQuery(document).ready(function ($) {\n\t\t\t\t\tif( typeof jQuery('.ult-carousel-233203514369f3e824dea3b').slick == \"function\"){\n\t\t\t\t\t\t$('.ult-carousel-233203514369f3e824dea3b').slick({dots: false,autoplay: true,autoplaySpeed: 5000,speed: 300,infinite: true,arrows: true,nextArrow: '<button type=\"button\" role=\"button\" aria-label=\"Next\" style=\"color:#666666; font-size:20px;\" class=\"slick-next default\"><i class=\"ultsl-arrow-right4\"><\/i><\/button>',prevArrow: '<button type=\"button\" role=\"button\" aria-label=\"Previous\" style=\"color:#666666; font-size:20px;\" class=\"slick-prev default\"><i class=\"ultsl-arrow-left4\"><\/i><\/button>',slidesToScroll:4,slidesToShow:4,swipe: true,draggable: true,touchMove: true,pauseOnHover: true,pauseOnFocus: false,responsive: [\n\t\t\t\t\t\t\t{\n\t\t\t\t\t\t\t  breakpoint: 1026,\n\t\t\t\t\t\t\t  settings: {\n\t\t\t\t\t\t\t\tslidesToShow: 4,\n\t\t\t\t\t\t\t\tslidesToScroll: 4,  \n\t\t\t\t\t\t\t  }\n\t\t\t\t\t\t\t},\n\t\t\t\t\t\t\t{\n\t\t\t\t\t\t\t  breakpoint: 1025,\n\t\t\t\t\t\t\t  settings: {\n\t\t\t\t\t\t\t\tslidesToShow: 4,\n\t\t\t\t\t\t\t\tslidesToScroll: 4\n\t\t\t\t\t\t\t  }\n\t\t\t\t\t\t\t},\n\t\t\t\t\t\t\t{\n\t\t\t\t\t\t\t  breakpoint: 760,\n\t\t\t\t\t\t\t  settings: {\n\t\t\t\t\t\t\t\tslidesToShow: 1,\n\t\t\t\t\t\t\t\tslidesToScroll: 1\n\t\t\t\t\t\t\t  }\n\t\t\t\t\t\t\t}\n\t\t\t\t\t\t],pauseOnDotsHover: true,customPaging: function(slider, i) {\n                   return '<i type=\"button\" style= \"color:#333333;\" class=\"ultsl-record\" data-role=\"none\"><\/i>';\n                },});\n\t\t\t\t\t}\n\t\t\t\t});\n\t\t\t<\/script>\n\t\t\t[\/vc_column][\/vc_row]<\/p>\n","protected":false},"excerpt":{"rendered":"<p>[vc_row full_width=&#8221;stretch_row_content_no_spaces&#8221; equal_height=&#8221;yes&#8221; content_placement=&#8221;middle&#8221; css=&#8221;.vc_custom_1595419289116{margin-top: -80px !important;margin-bottom: -70px !important;}&#8221;][vc_column parallax=&#8221;content-moving&#8221; parallax_image=&#8221;3132&#8243; offset=&#8221;vc_col-lg-6 vc_col-md-6 vc_hidden-sm vc_col-xs-12 vc_hidden-xs&#8221; css=&#8221;.vc_custom_1594816739555{background-position: center !important;background-repeat: no-repeat !important;background-size: cover !important;}&#8221;][\/vc_column][vc_column css=&#8221;.vc_custom_1593183436622{padding-top: 60px !important;padding-right: 9% !important;padding-bottom: 10px !important;padding-left: 9% !important;}&#8221; offset=&#8221;vc_col-lg-6 vc_col-md-6 vc_col-xs-12&#8243;][vc_custom_heading text=&#8221;WHO ARE WE?&#8221; font_container=&#8221;tag:h3|text_align:left&#8221; google_fonts=&#8221;font_family:Roboto%3A100%2C100italic%2C300%2C300italic%2Cregular%2Citalic%2C500%2C500italic%2C700%2C700italic%2C900%2C900italic|font_style:700%20bold%20regular%3A700%3Anormal&#8221;][vc_column_text] Firma TOP GAL zajmuje si\u0119 produkcj\u0105 pask\u00f3w z gum i ta\u015bm oraz akcesori\u00f3w dzieci\u0119cych od&hellip;<\/p>\n","protected":false},"author":1,"featured_media":0,"parent":0,"menu_order":0,"comment_status":"closed","ping_status":"closed","template":"","meta":[],"_links":{"self":[{"href":"https:\/\/topgal.pl\/en\/wp-json\/wp\/v2\/pages\/3156"}],"collection":[{"href":"https:\/\/topgal.pl\/en\/wp-json\/wp\/v2\/pages"}],"about":[{"href":"https:\/\/topgal.pl\/en\/wp-json\/wp\/v2\/types\/page"}],"author":[{"embeddable":true,"href":"https:\/\/topgal.pl\/en\/wp-json\/wp\/v2\/users\/1"}],"replies":[{"embeddable":true,"href":"https:\/\/topgal.pl\/en\/wp-json\/wp\/v2\/comments?post=3156"}],"version-history":[{"count":0,"href":"https:\/\/topgal.pl\/en\/wp-json\/wp\/v2\/pages\/3156\/revisions"}],"wp:attachment":[{"href":"https:\/\/topgal.pl\/en\/wp-json\/wp\/v2\/media?parent=3156"}],"curies":[{"name":"wp","href":"https:\/\/api.w.org\/{rel}","templated":true}]}}